{"id":67,"date":"2023-06-19T11:11:03","date_gmt":"2023-06-19T09:11:03","guid":{"rendered":"https:\/\/www.hotelacadie.com\/?page_id=67"},"modified":"2025-08-01T11:42:44","modified_gmt":"2025-08-01T09:42:44","slug":"surroundings","status":"publish","type":"page","link":"https:\/\/www.hotelacadie.com\/en\/surroundings\/","title":{"rendered":"The surrounding area"},"content":{"rendered":"<div data-elementor-type=\"wp-page\" data-elementor-id=\"67\" class=\"elementor elementor-67\" data-elementor-post-type=\"page\">\n\t\t\t\t<div class=\"elementor-element elementor-element-6b8ae5e e-con-full full-tourisme e-flex e-con e-parent\" data-id=\"6b8ae5e\" data-element_type=\"container\" data-e-type=\"container\" data-settings=\"{&quot;background_background&quot;:&quot;classic&quot;}\">\n\t\t<div class=\"elementor-element elementor-element-cca7d4f e-con-full tourisme-intro e-flex e-con e-child\" data-id=\"cca7d4f\" data-element_type=\"container\" data-e-type=\"container\">\n\t\t<div class=\"elementor-element elementor-element-351daa0 e-con-full animated-slow e-flex elementor-invisible e-con e-child\" data-id=\"351daa0\" data-element_type=\"container\" data-e-type=\"container\" data-settings=\"{&quot;background_background&quot;:&quot;classic&quot;,&quot;animation_delay&quot;:0,&quot;animation&quot;:&quot;fadeInLeft&quot;,&quot;animation_tablet&quot;:&quot;none&quot;}\">\n\t\t\t\t<div class=\"elementor-element elementor-element-052a499 elementor-widget elementor-widget-heading\" data-id=\"052a499\" data-element_type=\"widget\" data-e-type=\"widget\" data-widget_type=\"heading.default\">\n\t\t\t\t<div class=\"elementor-widget-container\">\n\t\t\t\t\t<h1 class=\"elementor-heading-title elementor-size-default\">What can you do near our hotel, near Villepinte?<\/h1>\t\t\t\t<\/div>\n\t\t\t\t<\/div>\n\t\t\t\t<div class=\"elementor-element elementor-element-48a6267 elementor-widget elementor-widget-text-editor\" data-id=\"48a6267\" data-element_type=\"widget\" data-e-type=\"widget\" data-widget_type=\"text-editor.default\">\n\t\t\t\t<div class=\"elementor-widget-container\">\n\t\t\t\t\t\t\t\t\t<p>At the heart of a major economic hub to the north-east of Paris, our hotel is close to Paris Charles de Gaulle and Paris Le Bourget airports. Located at the gateway to the Parc International d'Affaires Paris Nord 2 and the Parc des Expositions de Villepinte, you can take advantage of the many trade fairs and business meetings taking place throughout the year.<\/p><p>\u00a0<\/p><p>Those on holiday with us can also take advantage of our hotel's strategic location to discover the tourist and sporting attractions in the surrounding area. The Stade de France in Saint-Denis is 20 minutes away by RER. The Air and Space Museum at Le Bourget airport is 15 minutes away, again by RER. By car, you can reach Disneyland Paris in Marne-la-vall\u00e9e and Parc Ast\u00e9rix in Plailly in less than 30 minutes.<\/p>\t\t\t\t\t\t\t\t<\/div>\n\t\t\t\t<\/div>\n\t\t\t\t<\/div>\n\t\t<div class=\"elementor-element elementor-element-bf0e851 e-con-full animated-slow e-flex e-con e-child\" data-id=\"bf0e851\" data-element_type=\"container\" data-e-type=\"container\" data-settings=\"{&quot;animation_delay&quot;:100,&quot;animation&quot;:&quot;none&quot;,&quot;background_background&quot;:&quot;classic&quot;}\">\n\t\t\t\t<div class=\"elementor-element elementor-element-a33e00c sticky-title elementor-widget elementor-widget-heading\" data-id=\"a33e00c\" data-element_type=\"widget\" data-e-type=\"widget\" data-settings=\"{&quot;sticky&quot;:&quot;bottom&quot;,&quot;sticky_offset&quot;:40,&quot;sticky_on&quot;:[&quot;desktop&quot;,&quot;tablet&quot;,&quot;mobile&quot;],&quot;sticky_effects_offset&quot;:0,&quot;sticky_anchor_link_offset&quot;:0}\" data-widget_type=\"heading.default\">\n\t\t\t\t<div class=\"elementor-widget-container\">\n\t\t\t\t\t<span class=\"elementor-heading-title elementor-size-default\">The surrounding area<\/span>\t\t\t\t<\/div>\n\t\t\t\t<\/div>\n\t\t\t\t<\/div>\n\t\t\t\t<\/div>\n\t\t\t\t<\/div>\n\t\t<div class=\"elementor-element elementor-element-fe5f7aa e-flex e-con-boxed e-con e-parent\" data-id=\"fe5f7aa\" data-element_type=\"container\" data-e-type=\"container\">\n\t\t\t\t\t<div class=\"e-con-inner\">\n\t\t<div class=\"elementor-element elementor-element-ff72848 e-con-full e-flex e-con e-child\" data-id=\"ff72848\" data-element_type=\"container\" data-e-type=\"container\">\n\t\t\t\t<div class=\"elementor-element elementor-element-98677a6 elementor-widget elementor-widget-image\" data-id=\"98677a6\" data-element_type=\"widget\" data-e-type=\"widget\" data-widget_type=\"image.default\">\n\t\t\t\t<div class=\"elementor-widget-container\">\n\t\t\t\t\t\t\t\t\t\t\t\t\t\t\t<img fetchpriority=\"high\" decoding=\"async\" width=\"2048\" height=\"1463\" src=\"https:\/\/www.hotelacadie.com\/wp-content\/uploads\/2025\/07\/GettyImages-2132930819.jpg\" class=\"attachment-full size-full wp-image-4077\" alt=\"\" srcset=\"https:\/\/www.hotelacadie.com\/wp-content\/uploads\/2025\/07\/GettyImages-2132930819.jpg 2048w, https:\/\/www.hotelacadie.com\/wp-content\/uploads\/2025\/07\/GettyImages-2132930819-300x214.jpg 300w, https:\/\/www.hotelacadie.com\/wp-content\/uploads\/2025\/07\/GettyImages-2132930819-1024x732.jpg 1024w, https:\/\/www.hotelacadie.com\/wp-content\/uploads\/2025\/07\/GettyImages-2132930819-768x549.jpg 768w, https:\/\/www.hotelacadie.com\/wp-content\/uploads\/2025\/07\/GettyImages-2132930819-1536x1097.jpg 1536w, https:\/\/www.hotelacadie.com\/wp-content\/uploads\/2025\/07\/GettyImages-2132930819-18x12.jpg 18w\" sizes=\"(max-width: 2048px) 100vw, 2048px\" title=\"\">\t\t\t\t\t\t\t\t\t\t\t\t\t\t\t<\/div>\n\t\t\t\t<\/div>\n\t\t<div class=\"elementor-element elementor-element-70d3196 e-con-full e-flex e-con e-child\" data-id=\"70d3196\" data-element_type=\"container\" data-e-type=\"container\" data-settings=\"{&quot;background_background&quot;:&quot;classic&quot;}\">\n\t\t\t\t<div class=\"elementor-element elementor-element-4a02c68 elementor-widget elementor-widget-heading\" data-id=\"4a02c68\" data-element_type=\"widget\" data-e-type=\"widget\" data-widget_type=\"heading.default\">\n\t\t\t\t<div class=\"elementor-widget-container\">\n\t\t\t\t\t<h3 class=\"elementor-heading-title elementor-size-default\">Amusement parks<\/h3>\t\t\t\t<\/div>\n\t\t\t\t<\/div>\n\t\t<div class=\"elementor-element elementor-element-bd68432 fade-button button-3 e-flex e-con-boxed e-con e-child\" data-id=\"bd68432\" data-element_type=\"container\" data-e-type=\"container\">\n\t\t\t\t\t<div class=\"e-con-inner\">\n\t\t\t\t<div class=\"elementor-element elementor-element-f67d5cc elementor-align-justify elementor-widget elementor-widget-button\" data-id=\"f67d5cc\" data-element_type=\"widget\" data-e-type=\"widget\" data-widget_type=\"button.default\">\n\t\t\t\t<div class=\"elementor-widget-container\">\n\t\t\t\t\t\t\t\t\t<div class=\"elementor-button-wrapper\">\n\t\t\t\t\t<a class=\"elementor-button elementor-button-link elementor-size-sm\" href=\"https:\/\/www.hotelacadie.com\/en\/surroundings\/theme-parks\/\">\n\t\t\t\t\t\t<span class=\"elementor-button-content-wrapper\">\n\t\t\t\t\t\t\t\t\t<span class=\"elementor-button-text\">Discover<\/span>\n\t\t\t\t\t<\/span>\n\t\t\t\t\t<\/a>\n\t\t\t\t<\/div>\n\t\t\t\t\t\t\t\t<\/div>\n\t\t\t\t<\/div>\n\t\t\t\t\t<\/div>\n\t\t\t\t<\/div>\n\t\t\t\t<\/div>\n\t\t\t\t<\/div>\n\t\t<div class=\"elementor-element elementor-element-c644d54 e-con-full e-flex e-con e-child\" data-id=\"c644d54\" data-element_type=\"container\" data-e-type=\"container\">\n\t\t\t\t<div class=\"elementor-element elementor-element-5e60b12 elementor-widget elementor-widget-image\" data-id=\"5e60b12\" data-element_type=\"widget\" data-e-type=\"widget\" data-widget_type=\"image.default\">\n\t\t\t\t<div class=\"elementor-widget-container\">\n\t\t\t\t\t\t\t\t\t\t\t\t\t\t\t<img decoding=\"async\" width=\"1500\" height=\"997\" src=\"https:\/\/www.hotelacadie.com\/wp-content\/uploads\/2023\/07\/pier-with-restaurant-at-the-balt.jpg\" class=\"attachment-full size-full wp-image-1145\" alt=\"\" srcset=\"https:\/\/www.hotelacadie.com\/wp-content\/uploads\/2023\/07\/pier-with-restaurant-at-the-balt.jpg 1500w, https:\/\/www.hotelacadie.com\/wp-content\/uploads\/2023\/07\/pier-with-restaurant-at-the-balt-300x199.jpg 300w, https:\/\/www.hotelacadie.com\/wp-content\/uploads\/2023\/07\/pier-with-restaurant-at-the-balt-1024x681.jpg 1024w, https:\/\/www.hotelacadie.com\/wp-content\/uploads\/2023\/07\/pier-with-restaurant-at-the-balt-768x510.jpg 768w, https:\/\/www.hotelacadie.com\/wp-content\/uploads\/2023\/07\/pier-with-restaurant-at-the-balt-18x12.jpg 18w\" sizes=\"(max-width: 1500px) 100vw, 1500px\" title=\"\">\t\t\t\t\t\t\t\t\t\t\t\t\t\t\t<\/div>\n\t\t\t\t<\/div>\n\t\t<div class=\"elementor-element elementor-element-15e9791 e-con-full e-flex e-con e-child\" data-id=\"15e9791\" data-element_type=\"container\" data-e-type=\"container\" data-settings=\"{&quot;background_background&quot;:&quot;classic&quot;}\">\n\t\t\t\t<div class=\"elementor-element elementor-element-451a781 elementor-widget elementor-widget-heading\" data-id=\"451a781\" data-element_type=\"widget\" data-e-type=\"widget\" data-widget_type=\"heading.default\">\n\t\t\t\t<div class=\"elementor-widget-container\">\n\t\t\t\t\t<h3 class=\"elementor-heading-title elementor-size-default\">Exhibition Centre<\/h3>\t\t\t\t<\/div>\n\t\t\t\t<\/div>\n\t\t<div class=\"elementor-element elementor-element-703196b fade-button button-3 e-flex e-con-boxed e-con e-child\" data-id=\"703196b\" data-element_type=\"container\" data-e-type=\"container\">\n\t\t\t\t\t<div class=\"e-con-inner\">\n\t\t\t\t<div class=\"elementor-element elementor-element-6191ebb elementor-align-justify elementor-widget elementor-widget-button\" data-id=\"6191ebb\" data-element_type=\"widget\" data-e-type=\"widget\" data-widget_type=\"button.default\">\n\t\t\t\t<div class=\"elementor-widget-container\">\n\t\t\t\t\t\t\t\t\t<div class=\"elementor-button-wrapper\">\n\t\t\t\t\t<a class=\"elementor-button elementor-button-link elementor-size-sm\" href=\"https:\/\/www.hotelacadie.com\/en\/surroundings\/exhibition-center\/\">\n\t\t\t\t\t\t<span class=\"elementor-button-content-wrapper\">\n\t\t\t\t\t\t\t\t\t<span class=\"elementor-button-text\">Discover<\/span>\n\t\t\t\t\t<\/span>\n\t\t\t\t\t<\/a>\n\t\t\t\t<\/div>\n\t\t\t\t\t\t\t\t<\/div>\n\t\t\t\t<\/div>\n\t\t\t\t\t<\/div>\n\t\t\t\t<\/div>\n\t\t\t\t<\/div>\n\t\t\t\t<\/div>\n\t\t\t\t\t<\/div>\n\t\t\t\t<\/div>\n\t\t<div class=\"elementor-element elementor-element-79ae87c e-flex e-con-boxed e-con e-parent\" data-id=\"79ae87c\" data-element_type=\"container\" data-e-type=\"container\">\n\t\t\t\t\t<div class=\"e-con-inner\">\n\t\t<div class=\"elementor-element elementor-element-e4305bf e-con-full e-flex e-con e-child\" data-id=\"e4305bf\" data-element_type=\"container\" data-e-type=\"container\">\n\t\t\t\t<div class=\"elementor-element elementor-element-3e812b4 elementor-widget elementor-widget-image\" data-id=\"3e812b4\" data-element_type=\"widget\" data-e-type=\"widget\" data-widget_type=\"image.default\">\n\t\t\t\t<div class=\"elementor-widget-container\">\n\t\t\t\t\t\t\t\t\t\t\t\t\t\t\t<img decoding=\"async\" width=\"2121\" height=\"1414\" src=\"https:\/\/www.hotelacadie.com\/wp-content\/uploads\/2025\/07\/GettyImages-2156998552.jpg\" class=\"attachment-full size-full wp-image-4080\" alt=\"\" srcset=\"https:\/\/www.hotelacadie.com\/wp-content\/uploads\/2025\/07\/GettyImages-2156998552.jpg 2121w, https:\/\/www.hotelacadie.com\/wp-content\/uploads\/2025\/07\/GettyImages-2156998552-300x200.jpg 300w, https:\/\/www.hotelacadie.com\/wp-content\/uploads\/2025\/07\/GettyImages-2156998552-1024x683.jpg 1024w, https:\/\/www.hotelacadie.com\/wp-content\/uploads\/2025\/07\/GettyImages-2156998552-768x512.jpg 768w, https:\/\/www.hotelacadie.com\/wp-content\/uploads\/2025\/07\/GettyImages-2156998552-1536x1024.jpg 1536w, https:\/\/www.hotelacadie.com\/wp-content\/uploads\/2025\/07\/GettyImages-2156998552-2048x1365.jpg 2048w, https:\/\/www.hotelacadie.com\/wp-content\/uploads\/2025\/07\/GettyImages-2156998552-18x12.jpg 18w\" sizes=\"(max-width: 2121px) 100vw, 2121px\" title=\"\">\t\t\t\t\t\t\t\t\t\t\t\t\t\t\t<\/div>\n\t\t\t\t<\/div>\n\t\t<div class=\"elementor-element elementor-element-87b618b e-con-full e-flex e-con e-child\" data-id=\"87b618b\" data-element_type=\"container\" data-e-type=\"container\" data-settings=\"{&quot;background_background&quot;:&quot;classic&quot;}\">\n\t\t\t\t<div class=\"elementor-element elementor-element-334f811 elementor-widget elementor-widget-heading\" data-id=\"334f811\" data-element_type=\"widget\" data-e-type=\"widget\" data-widget_type=\"heading.default\">\n\t\t\t\t<div class=\"elementor-widget-container\">\n\t\t\t\t\t<h3 class=\"elementor-heading-title elementor-size-default\">Airports<\/h3>\t\t\t\t<\/div>\n\t\t\t\t<\/div>\n\t\t<div class=\"elementor-element elementor-element-079a3de fade-button button-3 e-flex e-con-boxed e-con e-child\" data-id=\"079a3de\" data-element_type=\"container\" data-e-type=\"container\">\n\t\t\t\t\t<div class=\"e-con-inner\">\n\t\t\t\t<div class=\"elementor-element elementor-element-bb45d6b elementor-align-justify elementor-widget elementor-widget-button\" data-id=\"bb45d6b\" data-element_type=\"widget\" data-e-type=\"widget\" data-widget_type=\"button.default\">\n\t\t\t\t<div class=\"elementor-widget-container\">\n\t\t\t\t\t\t\t\t\t<div class=\"elementor-button-wrapper\">\n\t\t\t\t\t<a class=\"elementor-button elementor-button-link elementor-size-sm\" href=\"https:\/\/www.hotelacadie.com\/en\/surroundings\/airports\/\">\n\t\t\t\t\t\t<span class=\"elementor-button-content-wrapper\">\n\t\t\t\t\t\t\t\t\t<span class=\"elementor-button-text\">Discover<\/span>\n\t\t\t\t\t<\/span>\n\t\t\t\t\t<\/a>\n\t\t\t\t<\/div>\n\t\t\t\t\t\t\t\t<\/div>\n\t\t\t\t<\/div>\n\t\t\t\t\t<\/div>\n\t\t\t\t<\/div>\n\t\t\t\t<\/div>\n\t\t\t\t<\/div>\n\t\t<div class=\"elementor-element elementor-element-802c119 e-con-full elementor-hidden-mobile e-flex e-con e-child\" data-id=\"802c119\" data-element_type=\"container\" data-e-type=\"container\">\n\t\t\t\t<\/div>\n\t\t\t\t\t<\/div>\n\t\t\t\t<\/div>\n\t\t\t\t<\/div>","protected":false},"excerpt":{"rendered":"<p>Que faire \u00e0 proximit\u00e9 de notre h\u00f4tel, pr\u00e8s de Villepinte ? Au c\u0153ur d\u2019un p\u00f4le \u00e9conomique majeur au Nord-Est de Paris, notre h\u00f4tel b\u00e9n\u00e9ficie de la proximit\u00e9 des a\u00e9roports Paris Charles de Gaulle et Paris Le Bourget. Situ\u00e9 aux portes du Parc International d&rsquo;Affaires Paris Nord 2 et du Parc des Expositions de Villepinte, il [&hellip;]<\/p>","protected":false},"author":7,"featured_media":0,"parent":0,"menu_order":0,"comment_status":"closed","ping_status":"closed","template":"","meta":{"_acf_changed":false,"inline_featured_image":false,"footnotes":""},"class_list":["post-67","page","type-page","status-publish","hentry"],"acf":[],"_links":{"self":[{"href":"https:\/\/www.hotelacadie.com\/en\/wp-json\/wp\/v2\/pages\/67","targetHints":{"allow":["GET"]}}],"collection":[{"href":"https:\/\/www.hotelacadie.com\/en\/wp-json\/wp\/v2\/pages"}],"about":[{"href":"https:\/\/www.hotelacadie.com\/en\/wp-json\/wp\/v2\/types\/page"}],"author":[{"embeddable":true,"href":"https:\/\/www.hotelacadie.com\/en\/wp-json\/wp\/v2\/users\/7"}],"replies":[{"embeddable":true,"href":"https:\/\/www.hotelacadie.com\/en\/wp-json\/wp\/v2\/comments?post=67"}],"version-history":[{"count":266,"href":"https:\/\/www.hotelacadie.com\/en\/wp-json\/wp\/v2\/pages\/67\/revisions"}],"predecessor-version":[{"id":4183,"href":"https:\/\/www.hotelacadie.com\/en\/wp-json\/wp\/v2\/pages\/67\/revisions\/4183"}],"wp:attachment":[{"href":"https:\/\/www.hotelacadie.com\/en\/wp-json\/wp\/v2\/media?parent=67"}],"curies":[{"name":"wp","href":"https:\/\/api.w.org\/{rel}","templated":true}]}}