{"id":65,"date":"2023-06-19T11:10:35","date_gmt":"2023-06-19T09:10:35","guid":{"rendered":"https:\/\/www.hotelacadie.com\/?page_id=65"},"modified":"2025-08-01T11:31:28","modified_gmt":"2025-08-01T09:31:28","slug":"restaurant","status":"publish","type":"page","link":"https:\/\/www.hotelacadie.com\/en\/restaurant\/","title":{"rendered":"The restaurant"},"content":{"rendered":"<div data-elementor-type=\"wp-page\" data-elementor-id=\"65\" class=\"elementor elementor-65\" data-elementor-post-type=\"page\">\n\t\t\t\t<div class=\"elementor-element elementor-element-c38c39f e-con-full e-flex e-con e-parent\" data-id=\"c38c39f\" data-element_type=\"container\" data-e-type=\"container\" data-settings=\"{&quot;background_background&quot;:&quot;classic&quot;}\">\n\t\t\t\t<div class=\"elementor-element elementor-element-c0c05d3 elementor-widget elementor-widget-heading\" data-id=\"c0c05d3\" data-element_type=\"widget\" data-e-type=\"widget\" data-widget_type=\"heading.default\">\n\t\t\t\t<div class=\"elementor-widget-container\">\n\t\t\t\t\t<span class=\"elementor-heading-title elementor-size-default\">Restaurant &amp; bars<\/span>\t\t\t\t<\/div>\n\t\t\t\t<\/div>\n\t\t\t\t<div class=\"elementor-element elementor-element-c079ed8 elementor-widget-mobile__width-initial elementor-widget elementor-widget-heading\" data-id=\"c079ed8\" data-element_type=\"widget\" data-e-type=\"widget\" data-widget_type=\"heading.default\">\n\t\t\t\t<div class=\"elementor-widget-container\">\n\t\t\t\t\t<h1 class=\"elementor-heading-title elementor-size-default\">Discover our restaurant in Tremblay<\/h1>\t\t\t\t<\/div>\n\t\t\t\t<\/div>\n\t\t\t\t<\/div>\n\t\t<div class=\"elementor-element elementor-element-9a6cf54 e-con-full fade-bloc e-flex e-con e-parent\" data-id=\"9a6cf54\" data-element_type=\"container\" data-e-type=\"container\">\n\t\t<div class=\"elementor-element elementor-element-41e0804 e-con-full fade-content e-flex e-con e-child\" data-id=\"41e0804\" data-element_type=\"container\" data-e-type=\"container\" data-settings=\"{&quot;background_background&quot;:&quot;classic&quot;}\">\n\t\t<div class=\"elementor-element elementor-element-dc00ae0 e-flex e-con-boxed e-con e-child\" data-id=\"dc00ae0\" data-element_type=\"container\" data-e-type=\"container\">\n\t\t\t\t\t<div class=\"e-con-inner\">\n\t\t\t\t<div class=\"elementor-element elementor-element-2f5b9f6 fade-title elementor-widget elementor-widget-heading\" data-id=\"2f5b9f6\" data-element_type=\"widget\" data-e-type=\"widget\" data-widget_type=\"heading.default\">\n\t\t\t\t<div class=\"elementor-widget-container\">\n\t\t\t\t\t<h2 class=\"elementor-heading-title elementor-size-default\">Our restaurant in Tremblay<\/h2>\t\t\t\t<\/div>\n\t\t\t\t<\/div>\n\t\t\t\t<div class=\"elementor-element elementor-element-48ab943 fade-text elementor-widget elementor-widget-text-editor\" data-id=\"48ab943\" data-element_type=\"widget\" data-e-type=\"widget\" data-widget_type=\"text-editor.default\">\n\t\t\t\t<div class=\"elementor-widget-container\">\n\t\t\t\t\t\t\t\t\t<p>An elegant setting with natural tones, and quality cuisine with the flavours of France's regions.<\/p><p><br \/>The chef prepares mouth-watering recipes based on fresh produce, spiced up with passion, and presents the region according to tradition... and his imagination!<\/p><p><br \/>Welcome to our restaurant in Tremblay.<\/p>\t\t\t\t\t\t\t\t<\/div>\n\t\t\t\t<\/div>\n\t\t\t\t<div class=\"elementor-element elementor-element-f7b55ea elementor-widget elementor-widget-button\" data-id=\"f7b55ea\" data-element_type=\"widget\" data-e-type=\"widget\" data-widget_type=\"button.default\">\n\t\t\t\t<div class=\"elementor-widget-container\">\n\t\t\t\t\t\t\t\t\t<div class=\"elementor-button-wrapper\">\n\t\t\t\t\t<a class=\"elementor-button elementor-button-link elementor-size-sm\" href=\"https:\/\/www.hotelacadie.com\/wp-content\/uploads\/2025\/07\/menus-and-carte_929f4c527d79f9b6eb83827dfefccc94_fr_menu_printempsete_2025.pdf\" target=\"_blank\">\n\t\t\t\t\t\t<span class=\"elementor-button-content-wrapper\">\n\t\t\t\t\t\t<span class=\"elementor-button-icon\">\n\t\t\t\t<i aria-hidden=\"true\" class=\"eliofont eliofont-room-service\"><\/i>\t\t\t<\/span>\n\t\t\t\t\t\t\t\t\t<span class=\"elementor-button-text\">See the map<\/span>\n\t\t\t\t\t<\/span>\n\t\t\t\t\t<\/a>\n\t\t\t\t<\/div>\n\t\t\t\t\t\t\t\t<\/div>\n\t\t\t\t<\/div>\n\t\t\t\t\t<\/div>\n\t\t\t\t<\/div>\n\t\t\t\t<\/div>\n\t\t<div class=\"elementor-element elementor-element-e9edbbb e-con-full e-flex e-con e-child\" data-id=\"e9edbbb\" data-element_type=\"container\" data-e-type=\"container\" data-settings=\"{&quot;background_background&quot;:&quot;classic&quot;}\">\n\t\t\t\t<\/div>\n\t\t\t\t<\/div>\n\t\t<div class=\"elementor-element elementor-element-099f193 e-con-full e-flex e-con e-parent\" data-id=\"099f193\" data-element_type=\"container\" data-e-type=\"container\" data-settings=\"{&quot;background_background&quot;:&quot;classic&quot;}\">\n\t\t\t\t<\/div>\n\t\t<div class=\"elementor-element elementor-element-5b7d268 e-con-full fade-bloc e-flex e-con e-parent\" data-id=\"5b7d268\" data-element_type=\"container\" data-e-type=\"container\">\n\t\t<div class=\"elementor-element elementor-element-33650a7 e-con-full e-flex e-con e-child\" data-id=\"33650a7\" data-element_type=\"container\" data-e-type=\"container\" data-settings=\"{&quot;background_background&quot;:&quot;classic&quot;}\">\n\t\t\t\t<\/div>\n\t\t<div class=\"elementor-element elementor-element-a79d57c e-con-full fade-content e-flex e-con e-child\" data-id=\"a79d57c\" data-element_type=\"container\" data-e-type=\"container\" data-settings=\"{&quot;background_background&quot;:&quot;classic&quot;}\">\n\t\t<div class=\"elementor-element elementor-element-63e8ab3 e-flex e-con-boxed e-con e-child\" data-id=\"63e8ab3\" data-element_type=\"container\" data-e-type=\"container\">\n\t\t\t\t\t<div class=\"e-con-inner\">\n\t\t\t\t<div class=\"elementor-element elementor-element-48ff171 fade-title elementor-widget elementor-widget-heading\" data-id=\"48ff171\" data-element_type=\"widget\" data-e-type=\"widget\" data-widget_type=\"heading.default\">\n\t\t\t\t<div class=\"elementor-widget-container\">\n\t\t\t\t\t<h2 class=\"elementor-heading-title elementor-size-default\">To book at La Louisiane<\/h2>\t\t\t\t<\/div>\n\t\t\t\t<\/div>\n\t\t\t\t<div class=\"elementor-element elementor-element-91aaa8e fade-text elementor-widget elementor-widget-text-editor\" data-id=\"91aaa8e\" data-element_type=\"widget\" data-e-type=\"widget\" data-widget_type=\"text-editor.default\">\n\t\t\t\t<div class=\"elementor-widget-container\">\n\t\t\t\t\t\t\t\t\t<div class=\"title-wrapper\"><p><span style=\"font-size: 16px;\">Would you like to book a table in our restaurant for your business meals, lunches or dinners with your partner, family or friends? All it takes is a phone call!<br \/><\/span><\/p><div><strong>01 48 60 42 18<\/strong><\/div><p><span style=\"font-size: 16px;\">\u00a0<\/span><\/p><\/div><div class=\"text\"><p>Don't hesitate to give us a call. We'll be delighted to welcome you for lunch or dinner and show you our cuisine.<\/p><p class=\"x_MsoNormal\"><strong>Monday to Thursday Lunch and Evening :\u00a0<\/strong>from 12.00 to 14.00 and from 19.30 to 21.30<\/p><p class=\"x_MsoNormal\"><strong>Friday Lunch only :\u00a0<\/strong>from 12.00 to 14.00<br \/>There is no catering at weekends unless booked in advance.<\/p><\/div>\t\t\t\t\t\t\t\t<\/div>\n\t\t\t\t<\/div>\n\t\t\t\t\t<\/div>\n\t\t\t\t<\/div>\n\t\t\t\t<\/div>\n\t\t\t\t<\/div>\n\t\t<div class=\"elementor-element elementor-element-676c4af e-con-full fade-bloc e-flex e-con e-parent\" data-id=\"676c4af\" data-element_type=\"container\" data-e-type=\"container\">\n\t\t<div class=\"elementor-element elementor-element-d727ee5 e-con-full e-flex e-con e-child\" data-id=\"d727ee5\" data-element_type=\"container\" data-e-type=\"container\" data-settings=\"{&quot;background_background&quot;:&quot;slideshow&quot;,&quot;background_slideshow_gallery&quot;:[{&quot;id&quot;:3704,&quot;url&quot;:&quot;https:\\\/\\\/www.hotelacadie.com\\\/wp-content\\\/uploads\\\/2025\\\/07\\\/ACADIE-Tremblay-BAR-WEB-16-1.jpg&quot;},{&quot;id&quot;:3690,&quot;url&quot;:&quot;https:\\\/\\\/www.hotelacadie.com\\\/wp-content\\\/uploads\\\/2025\\\/07\\\/ACADIE-Tremblay-BAR-WEB-2-1.jpg&quot;},{&quot;id&quot;:3700,&quot;url&quot;:&quot;https:\\\/\\\/www.hotelacadie.com\\\/wp-content\\\/uploads\\\/2025\\\/07\\\/ACADIE-Tremblay-BAR-WEB-12.jpg&quot;},{&quot;id&quot;:3824,&quot;url&quot;:&quot;https:\\\/\\\/www.hotelacadie.com\\\/wp-content\\\/uploads\\\/2025\\\/07\\\/ACADIE-Tremblay-TERRASSE-JARDIN-WEB-10.jpg&quot;}],&quot;background_slideshow_slide_duration&quot;:2000,&quot;background_slideshow_loop&quot;:&quot;yes&quot;,&quot;background_slideshow_slide_transition&quot;:&quot;fade&quot;,&quot;background_slideshow_transition_duration&quot;:500}\">\n\t\t\t\t<\/div>\n\t\t<div class=\"elementor-element elementor-element-2cadfb7 e-con-full fade-content e-flex e-con e-child\" data-id=\"2cadfb7\" data-element_type=\"container\" data-e-type=\"container\" data-settings=\"{&quot;background_background&quot;:&quot;classic&quot;}\">\n\t\t<div class=\"elementor-element elementor-element-ff18b16 e-flex e-con-boxed e-con e-child\" data-id=\"ff18b16\" data-element_type=\"container\" data-e-type=\"container\">\n\t\t\t\t\t<div class=\"e-con-inner\">\n\t\t\t\t<div class=\"elementor-element elementor-element-331763c fade-title elementor-widget elementor-widget-heading\" data-id=\"331763c\" data-element_type=\"widget\" data-e-type=\"widget\" data-widget_type=\"heading.default\">\n\t\t\t\t<div class=\"elementor-widget-container\">\n\t\t\t\t\t<h2 class=\"elementor-heading-title elementor-size-default\">Our bars<\/h2>\t\t\t\t<\/div>\n\t\t\t\t<\/div>\n\t\t\t\t<div class=\"elementor-element elementor-element-ecce6d3 fade-text elementor-widget elementor-widget-text-editor\" data-id=\"ecce6d3\" data-element_type=\"widget\" data-e-type=\"widget\" data-widget_type=\"text-editor.default\">\n\t\t\t\t<div class=\"elementor-widget-container\">\n\t\t\t\t\t\t\t\t\t<p>H\u00f4tel Acadie has two distinct bars, each offering a unique atmosphere to satisfy your every whim.<\/p><p>\u00a0<\/p><p>The first is the bar of the La Louisiane restaurant, an elegant and refined place where you can enjoy a selection of classic cocktails or fine wines in a warm atmosphere, with exposed beams and a fireplace.<\/p><p>The second is the Bar Bleu, located at the entrance to the hotel. This bar boasts a colourful, dynamic atmosphere, ideal for an afterwork or a moment of relaxation before dinner in our restaurant in Tremblay.<\/p><p><br \/>Whether you're on a business trip near the Parc des Expositions de Villepinte or visiting Roissy Charles de Gaulle airport, these two bars at the H\u00f4tel Acadie offer a variety of atmospheres to suit all tastes.<\/p>\t\t\t\t\t\t\t\t<\/div>\n\t\t\t\t<\/div>\n\t\t\t\t\t<\/div>\n\t\t\t\t<\/div>\n\t\t\t\t<\/div>\n\t\t\t\t<\/div>\n\t\t<div class=\"elementor-element elementor-element-f9a5e8c e-flex e-con-boxed e-con e-parent\" data-id=\"f9a5e8c\" data-element_type=\"container\" data-e-type=\"container\">\n\t\t\t\t\t<div class=\"e-con-inner\">\n\t\t<div class=\"elementor-element elementor-element-7288f3f e-con-full e-flex e-con e-child\" data-id=\"7288f3f\" data-element_type=\"container\" data-e-type=\"container\">\n\t\t\t\t<div class=\"elementor-element elementor-element-11a53f3 elementor-widget__width-initial elementor-widget-tablet__width-initial elementor-widget elementor-widget-heading\" data-id=\"11a53f3\" data-element_type=\"widget\" data-e-type=\"widget\" data-widget_type=\"heading.default\">\n\t\t\t\t<div class=\"elementor-widget-container\">\n\t\t\t\t\t<h2 class=\"elementor-heading-title elementor-size-default\">Are you a band?<\/h2>\t\t\t\t<\/div>\n\t\t\t\t<\/div>\n\t\t\t\t<div class=\"elementor-element elementor-element-01cfcfa elementor-widget__width-initial elementor-widget-tablet__width-initial elementor-widget elementor-widget-text-editor\" data-id=\"01cfcfa\" data-element_type=\"widget\" data-e-type=\"widget\" data-widget_type=\"text-editor.default\">\n\t\t\t\t<div class=\"elementor-widget-container\">\n\t\t\t\t\t\t\t\t\t<p>Our La Louisiane restaurant in Tremblay, close to the Villepinte and Roissy exhibition centres, has a large dining room with 95 covers. It can accommodate your banquets, receptions, private or business meetings in a warm setting with exposed beams and a fireplace.<\/p><p>\u00a0<\/p><p>Private parking available.<\/p>\t\t\t\t\t\t\t\t<\/div>\n\t\t\t\t<\/div>\n\t\t<div class=\"elementor-element elementor-element-0a89559 fade-button button-3 e-flex e-con-boxed e-con e-child\" data-id=\"0a89559\" data-element_type=\"container\" data-e-type=\"container\">\n\t\t\t\t\t<div class=\"e-con-inner\">\n\t\t\t\t<div class=\"elementor-element elementor-element-3f5eb26 elementor-align-justify elementor-widget elementor-widget-button\" data-id=\"3f5eb26\" data-element_type=\"widget\" data-e-type=\"widget\" data-widget_type=\"button.default\">\n\t\t\t\t<div class=\"elementor-widget-container\">\n\t\t\t\t\t\t\t\t\t<div class=\"elementor-button-wrapper\">\n\t\t\t\t\t<a class=\"elementor-button elementor-button-link elementor-size-sm\" href=\"https:\/\/www.hotelacadie.com\/en\/seminar-groups\/\">\n\t\t\t\t\t\t<span class=\"elementor-button-content-wrapper\">\n\t\t\t\t\t\t\t\t\t<span class=\"elementor-button-text\">Groups &amp; Seminars<\/span>\n\t\t\t\t\t<\/span>\n\t\t\t\t\t<\/a>\n\t\t\t\t<\/div>\n\t\t\t\t\t\t\t\t<\/div>\n\t\t\t\t<\/div>\n\t\t\t\t\t<\/div>\n\t\t\t\t<\/div>\n\t\t\t\t<\/div>\n\t\t<div class=\"elementor-element elementor-element-f89e359 e-con-full e-flex e-con e-child\" data-id=\"f89e359\" data-element_type=\"container\" data-e-type=\"container\">\n\t\t\t\t<div class=\"elementor-element elementor-element-aa518cd e-transform elementor-widget-mobile__width-inherit elementor-widget elementor-widget-image\" data-id=\"aa518cd\" data-element_type=\"widget\" data-e-type=\"widget\" data-settings=\"{&quot;_transform_flipX_effect&quot;:&quot;transform&quot;}\" data-widget_type=\"image.default\">\n\t\t\t\t<div class=\"elementor-widget-container\">\n\t\t\t\t\t\t\t\t\t\t\t\t\t\t\t<img fetchpriority=\"high\" decoding=\"async\" width=\"1500\" height=\"1000\" src=\"https:\/\/www.hotelacadie.com\/wp-content\/uploads\/2025\/07\/ACADIE-Tremblay-TERRASSE-JARDIN-WEB-35.jpg\" class=\"attachment-full size-full wp-image-3582\" alt=\"\" srcset=\"https:\/\/www.hotelacadie.com\/wp-content\/uploads\/2025\/07\/ACADIE-Tremblay-TERRASSE-JARDIN-WEB-35.jpg 1500w, https:\/\/www.hotelacadie.com\/wp-content\/uploads\/2025\/07\/ACADIE-Tremblay-TERRASSE-JARDIN-WEB-35-300x200.jpg 300w, https:\/\/www.hotelacadie.com\/wp-content\/uploads\/2025\/07\/ACADIE-Tremblay-TERRASSE-JARDIN-WEB-35-1024x683.jpg 1024w, https:\/\/www.hotelacadie.com\/wp-content\/uploads\/2025\/07\/ACADIE-Tremblay-TERRASSE-JARDIN-WEB-35-768x512.jpg 768w, https:\/\/www.hotelacadie.com\/wp-content\/uploads\/2025\/07\/ACADIE-Tremblay-TERRASSE-JARDIN-WEB-35-18x12.jpg 18w\" sizes=\"(max-width: 1500px) 100vw, 1500px\" title=\"\">\t\t\t\t\t\t\t\t\t\t\t\t\t\t\t<\/div>\n\t\t\t\t<\/div>\n\t\t\t\t<div class=\"elementor-element elementor-element-3c0e02d e-transform elementor-hidden-tablet elementor-hidden-mobile elementor-widget elementor-widget-image\" data-id=\"3c0e02d\" data-element_type=\"widget\" data-e-type=\"widget\" data-settings=\"{&quot;_transform_translateX_effect&quot;:{&quot;unit&quot;:&quot;px&quot;,&quot;size&quot;:366,&quot;sizes&quot;:[]},&quot;_transform_translateY_effect&quot;:{&quot;unit&quot;:&quot;px&quot;,&quot;size&quot;:-134,&quot;sizes&quot;:[]},&quot;_transform_translateX_effect_tablet&quot;:{&quot;unit&quot;:&quot;px&quot;,&quot;size&quot;:&quot;&quot;,&quot;sizes&quot;:[]},&quot;_transform_translateX_effect_mobile&quot;:{&quot;unit&quot;:&quot;px&quot;,&quot;size&quot;:&quot;&quot;,&quot;sizes&quot;:[]},&quot;_transform_translateY_effect_tablet&quot;:{&quot;unit&quot;:&quot;px&quot;,&quot;size&quot;:&quot;&quot;,&quot;sizes&quot;:[]},&quot;_transform_translateY_effect_mobile&quot;:{&quot;unit&quot;:&quot;px&quot;,&quot;size&quot;:&quot;&quot;,&quot;sizes&quot;:[]}}\" data-widget_type=\"image.default\">\n\t\t\t\t<div class=\"elementor-widget-container\">\n\t\t\t\t\t\t\t\t\t\t\t\t\t\t\t<img decoding=\"async\" width=\"1000\" height=\"1500\" src=\"https:\/\/www.hotelacadie.com\/wp-content\/uploads\/2025\/07\/ACADIE-Tremblay-TERRASSE-JARDIN-WEB-44.jpg\" class=\"attachment-full size-full wp-image-3581\" alt=\"\" srcset=\"https:\/\/www.hotelacadie.com\/wp-content\/uploads\/2025\/07\/ACADIE-Tremblay-TERRASSE-JARDIN-WEB-44.jpg 1000w, https:\/\/www.hotelacadie.com\/wp-content\/uploads\/2025\/07\/ACADIE-Tremblay-TERRASSE-JARDIN-WEB-44-200x300.jpg 200w, https:\/\/www.hotelacadie.com\/wp-content\/uploads\/2025\/07\/ACADIE-Tremblay-TERRASSE-JARDIN-WEB-44-683x1024.jpg 683w, https:\/\/www.hotelacadie.com\/wp-content\/uploads\/2025\/07\/ACADIE-Tremblay-TERRASSE-JARDIN-WEB-44-768x1152.jpg 768w, https:\/\/www.hotelacadie.com\/wp-content\/uploads\/2025\/07\/ACADIE-Tremblay-TERRASSE-JARDIN-WEB-44-8x12.jpg 8w\" sizes=\"(max-width: 1000px) 100vw, 1000px\" title=\"\">\t\t\t\t\t\t\t\t\t\t\t\t\t\t\t<\/div>\n\t\t\t\t<\/div>\n\t\t\t\t<\/div>\n\t\t\t\t\t<\/div>\n\t\t\t\t<\/div>\n\t\t<div class=\"elementor-element elementor-element-870f52d e-con-full maillage e-flex e-con e-parent\" data-id=\"870f52d\" data-element_type=\"container\" data-e-type=\"container\">\n\t\t<div class=\"elementor-element elementor-element-d1e89af fade-maillage-container e-flex e-con-boxed e-con e-child\" data-id=\"d1e89af\" data-element_type=\"container\" data-e-type=\"container\" data-settings=\"{&quot;background_background&quot;:&quot;classic&quot;}\">\n\t\t\t\t\t<div class=\"e-con-inner\">\n\t\t<div class=\"elementor-element elementor-element-c2b74f2 fade-maillage-block e-flex e-con-boxed e-con e-child\" data-id=\"c2b74f2\" data-element_type=\"container\" data-e-type=\"container\">\n\t\t\t\t\t<div class=\"e-con-inner\">\n\t\t\t\t<div class=\"elementor-element elementor-element-f36543c fade-maillage-title elementor-widget elementor-widget-heading\" data-id=\"f36543c\" data-element_type=\"widget\" data-e-type=\"widget\" data-widget_type=\"heading.default\">\n\t\t\t\t<div class=\"elementor-widget-container\">\n\t\t\t\t\t<h2 class=\"elementor-heading-title elementor-size-default\">The rooms<\/h2>\t\t\t\t<\/div>\n\t\t\t\t<\/div>\n\t\t<div class=\"elementor-element elementor-element-8616aa4 fade-button button-2 e-flex e-con-boxed e-con e-child\" data-id=\"8616aa4\" data-element_type=\"container\" data-e-type=\"container\">\n\t\t\t\t\t<div class=\"e-con-inner\">\n\t\t\t\t<div class=\"elementor-element elementor-element-af3f2af elementor-align-justify elementor-widget elementor-widget-button\" data-id=\"af3f2af\" data-element_type=\"widget\" data-e-type=\"widget\" data-widget_type=\"button.default\">\n\t\t\t\t<div class=\"elementor-widget-container\">\n\t\t\t\t\t\t\t\t\t<div class=\"elementor-button-wrapper\">\n\t\t\t\t\t<a class=\"elementor-button elementor-button-link elementor-size-sm\" href=\"https:\/\/www.hotelacadie.com\/en\/the-rooms\/\">\n\t\t\t\t\t\t<span class=\"elementor-button-content-wrapper\">\n\t\t\t\t\t\t\t\t\t<span class=\"elementor-button-text\">Discover<\/span>\n\t\t\t\t\t<\/span>\n\t\t\t\t\t<\/a>\n\t\t\t\t<\/div>\n\t\t\t\t\t\t\t\t<\/div>\n\t\t\t\t<\/div>\n\t\t\t\t\t<\/div>\n\t\t\t\t<\/div>\n\t\t\t\t\t<\/div>\n\t\t\t\t<\/div>\n\t\t\t\t\t<\/div>\n\t\t\t\t<\/div>\n\t\t<div class=\"elementor-element elementor-element-af0ba30 fade-maillage-container e-flex e-con-boxed e-con e-child\" data-id=\"af0ba30\" data-element_type=\"container\" data-e-type=\"container\" data-settings=\"{&quot;background_background&quot;:&quot;classic&quot;}\">\n\t\t\t\t\t<div class=\"e-con-inner\">\n\t\t<div class=\"elementor-element elementor-element-080ed21 fade-maillage-block e-flex e-con-boxed e-con e-child\" data-id=\"080ed21\" data-element_type=\"container\" data-e-type=\"container\">\n\t\t\t\t\t<div class=\"e-con-inner\">\n\t\t\t\t<div class=\"elementor-element elementor-element-35c8332 fade-maillage-title elementor-widget elementor-widget-heading\" data-id=\"35c8332\" data-element_type=\"widget\" data-e-type=\"widget\" data-widget_type=\"heading.default\">\n\t\t\t\t<div class=\"elementor-widget-container\">\n\t\t\t\t\t<h2 class=\"elementor-heading-title elementor-size-default\">The surrounding area<\/h2>\t\t\t\t<\/div>\n\t\t\t\t<\/div>\n\t\t<div class=\"elementor-element elementor-element-a1facc7 fade-button button-2 e-flex e-con-boxed e-con e-child\" data-id=\"a1facc7\" data-element_type=\"container\" data-e-type=\"container\">\n\t\t\t\t\t<div class=\"e-con-inner\">\n\t\t\t\t<div class=\"elementor-element elementor-element-6b3c6cc elementor-align-justify elementor-widget elementor-widget-button\" data-id=\"6b3c6cc\" data-element_type=\"widget\" data-e-type=\"widget\" data-widget_type=\"button.default\">\n\t\t\t\t<div class=\"elementor-widget-container\">\n\t\t\t\t\t\t\t\t\t<div class=\"elementor-button-wrapper\">\n\t\t\t\t\t<a class=\"elementor-button elementor-button-link elementor-size-sm\" href=\"https:\/\/www.hotelacadie.com\/en\/surroundings\/\">\n\t\t\t\t\t\t<span class=\"elementor-button-content-wrapper\">\n\t\t\t\t\t\t\t\t\t<span class=\"elementor-button-text\">Discover<\/span>\n\t\t\t\t\t<\/span>\n\t\t\t\t\t<\/a>\n\t\t\t\t<\/div>\n\t\t\t\t\t\t\t\t<\/div>\n\t\t\t\t<\/div>\n\t\t\t\t\t<\/div>\n\t\t\t\t<\/div>\n\t\t\t\t\t<\/div>\n\t\t\t\t<\/div>\n\t\t\t\t\t<\/div>\n\t\t\t\t<\/div>\n\t\t<div class=\"elementor-element elementor-element-9726ecb fade-maillage-container e-flex e-con-boxed e-con e-child\" data-id=\"9726ecb\" data-element_type=\"container\" data-e-type=\"container\" data-settings=\"{&quot;background_background&quot;:&quot;classic&quot;}\">\n\t\t\t\t\t<div class=\"e-con-inner\">\n\t\t<div class=\"elementor-element elementor-element-ddd7fe4 fade-maillage-block e-flex e-con-boxed e-con e-child\" data-id=\"ddd7fe4\" data-element_type=\"container\" data-e-type=\"container\">\n\t\t\t\t\t<div class=\"e-con-inner\">\n\t\t\t\t<div class=\"elementor-element elementor-element-30578cf fade-maillage-title elementor-widget elementor-widget-heading\" data-id=\"30578cf\" data-element_type=\"widget\" data-e-type=\"widget\" data-widget_type=\"heading.default\">\n\t\t\t\t<div class=\"elementor-widget-container\">\n\t\t\t\t\t<h2 class=\"elementor-heading-title elementor-size-default\">Groups &amp; Seminars<\/h2>\t\t\t\t<\/div>\n\t\t\t\t<\/div>\n\t\t<div class=\"elementor-element elementor-element-9466bc9 fade-button button-2 e-flex e-con-boxed e-con e-child\" data-id=\"9466bc9\" data-element_type=\"container\" data-e-type=\"container\">\n\t\t\t\t\t<div class=\"e-con-inner\">\n\t\t\t\t<div class=\"elementor-element elementor-element-122f66d elementor-align-justify elementor-widget elementor-widget-button\" data-id=\"122f66d\" data-element_type=\"widget\" data-e-type=\"widget\" data-widget_type=\"button.default\">\n\t\t\t\t<div class=\"elementor-widget-container\">\n\t\t\t\t\t\t\t\t\t<div class=\"elementor-button-wrapper\">\n\t\t\t\t\t<a class=\"elementor-button elementor-button-link elementor-size-sm\" href=\"https:\/\/www.hotelacadie.com\/en\/seminar-groups\/\">\n\t\t\t\t\t\t<span class=\"elementor-button-content-wrapper\">\n\t\t\t\t\t\t\t\t\t<span class=\"elementor-button-text\">Discover<\/span>\n\t\t\t\t\t<\/span>\n\t\t\t\t\t<\/a>\n\t\t\t\t<\/div>\n\t\t\t\t\t\t\t\t<\/div>\n\t\t\t\t<\/div>\n\t\t\t\t\t<\/div>\n\t\t\t\t<\/div>\n\t\t\t\t\t<\/div>\n\t\t\t\t<\/div>\n\t\t\t\t\t<\/div>\n\t\t\t\t<\/div>\n\t\t\t\t<\/div>\n\t\t\t\t<\/div>","protected":false},"excerpt":{"rendered":"<p>Restaurant &amp; bars D\u00e9couvrez notre restaurant \u00e0 Tremblay Notre restaurant \u00e0 Tremblay Un cadre \u00e9l\u00e9gant aux tons naturels, une cuisine de qualit\u00e9 \u00a0aux parfums des r\u00e9gions de France. Le chef pr\u00e9pare de belles recettes gourmandes \u00e0 base de produits frais, agr\u00e9ment\u00e9es de passion et pr\u00e9sente le terroir selon \u00a0la tradition\u2026 et son imagination\u00a0! Bienvenue dans [&hellip;]<\/p>","protected":false},"author":7,"featured_media":0,"parent":0,"menu_order":0,"comment_status":"closed","ping_status":"closed","template":"","meta":{"_acf_changed":false,"inline_featured_image":false,"footnotes":""},"class_list":["post-65","page","type-page","status-publish","hentry"],"acf":[],"_links":{"self":[{"href":"https:\/\/www.hotelacadie.com\/en\/wp-json\/wp\/v2\/pages\/65","targetHints":{"allow":["GET"]}}],"collection":[{"href":"https:\/\/www.hotelacadie.com\/en\/wp-json\/wp\/v2\/pages"}],"about":[{"href":"https:\/\/www.hotelacadie.com\/en\/wp-json\/wp\/v2\/types\/page"}],"author":[{"embeddable":true,"href":"https:\/\/www.hotelacadie.com\/en\/wp-json\/wp\/v2\/users\/7"}],"replies":[{"embeddable":true,"href":"https:\/\/www.hotelacadie.com\/en\/wp-json\/wp\/v2\/comments?post=65"}],"version-history":[{"count":170,"href":"https:\/\/www.hotelacadie.com\/en\/wp-json\/wp\/v2\/pages\/65\/revisions"}],"predecessor-version":[{"id":4171,"href":"https:\/\/www.hotelacadie.com\/en\/wp-json\/wp\/v2\/pages\/65\/revisions\/4171"}],"wp:attachment":[{"href":"https:\/\/www.hotelacadie.com\/en\/wp-json\/wp\/v2\/media?parent=65"}],"curies":[{"name":"wp","href":"https:\/\/api.w.org\/{rel}","templated":true}]}}