{"id":1422,"date":"2023-07-04T10:21:49","date_gmt":"2023-07-04T08:21:49","guid":{"rendered":"https:\/\/www.hotelacadie.com\/?page_id=1422"},"modified":"2025-08-28T10:52:11","modified_gmt":"2025-08-28T08:52:11","slug":"theme-parks","status":"publish","type":"page","link":"https:\/\/www.hotelacadie.com\/en\/surroundings\/theme-parks\/","title":{"rendered":"Parcs d&rsquo;attractions"},"content":{"rendered":"<div data-elementor-type=\"wp-page\" data-elementor-id=\"1422\" class=\"elementor elementor-1422\" data-elementor-post-type=\"page\">\n\t\t\t\t<div class=\"elementor-element elementor-element-71cb5106 e-con-full e-flex e-con e-parent\" data-id=\"71cb5106\" data-element_type=\"container\" data-e-type=\"container\" data-settings=\"{&quot;background_background&quot;:&quot;classic&quot;}\">\n\t\t\t\t<div class=\"elementor-element elementor-element-70260372 elementor-widget elementor-widget-heading\" data-id=\"70260372\" data-element_type=\"widget\" data-e-type=\"widget\" data-widget_type=\"heading.default\">\n\t\t\t\t<div class=\"elementor-widget-container\">\n\t\t\t\t\t<span class=\"elementor-heading-title elementor-size-default\">Amusement parks<\/span>\t\t\t\t<\/div>\n\t\t\t\t<\/div>\n\t\t\t\t<div class=\"elementor-element elementor-element-3b3de32 elementor-widget elementor-widget-heading\" data-id=\"3b3de32\" data-element_type=\"widget\" data-e-type=\"widget\" data-widget_type=\"heading.default\">\n\t\t\t\t<div class=\"elementor-widget-container\">\n\t\t\t\t\t<h1 class=\"elementor-heading-title elementor-size-default\">Our hotel near Parc Ast\u00e9rix<\/h1>\t\t\t\t<\/div>\n\t\t\t\t<\/div>\n\t\t\t\t<\/div>\n\t\t<div class=\"elementor-element elementor-element-ba0295c e-con-full e-flex e-con e-parent\" data-id=\"ba0295c\" data-element_type=\"container\" data-e-type=\"container\">\n\t\t\t\t<div class=\"elementor-element elementor-element-173e9acb elementor-mobile-align-center elementor-widget elementor-widget-button\" data-id=\"173e9acb\" data-element_type=\"widget\" data-e-type=\"widget\" data-widget_type=\"button.default\">\n\t\t\t\t<div class=\"elementor-widget-container\">\n\t\t\t\t\t\t\t\t\t<div class=\"elementor-button-wrapper\">\n\t\t\t\t\t<a class=\"elementor-button elementor-button-link elementor-size-sm\" href=\"https:\/\/www.hotelacadie.com\/en\/surroundings\/airports\/\">\n\t\t\t\t\t\t<span class=\"elementor-button-content-wrapper\">\n\t\t\t\t\t\t<span class=\"elementor-button-icon\">\n\t\t\t\t<i aria-hidden=\"true\" class=\"eliofont eliofont-arrow-left\"><\/i>\t\t\t<\/span>\n\t\t\t\t\t\t\t\t\t<span class=\"elementor-button-text\">Previous destination<\/span>\n\t\t\t\t\t<\/span>\n\t\t\t\t\t<\/a>\n\t\t\t\t<\/div>\n\t\t\t\t\t\t\t\t<\/div>\n\t\t\t\t<\/div>\n\t\t\t\t<div class=\"elementor-element elementor-element-11ff8c4e elementor-mobile-align-center elementor-widget elementor-widget-button\" data-id=\"11ff8c4e\" data-element_type=\"widget\" data-e-type=\"widget\" data-widget_type=\"button.default\">\n\t\t\t\t<div class=\"elementor-widget-container\">\n\t\t\t\t\t\t\t\t\t<div class=\"elementor-button-wrapper\">\n\t\t\t\t\t<a class=\"elementor-button elementor-button-link elementor-size-sm\" href=\"https:\/\/www.hotelacadie.com\/en\/surroundings\/exhibition-center\/\">\n\t\t\t\t\t\t<span class=\"elementor-button-content-wrapper\">\n\t\t\t\t\t\t<span class=\"elementor-button-icon\">\n\t\t\t\t<i aria-hidden=\"true\" class=\"eliofont eliofont-arrow-right\"><\/i>\t\t\t<\/span>\n\t\t\t\t\t\t\t\t\t<span class=\"elementor-button-text\">Next destination<\/span>\n\t\t\t\t\t<\/span>\n\t\t\t\t\t<\/a>\n\t\t\t\t<\/div>\n\t\t\t\t\t\t\t\t<\/div>\n\t\t\t\t<\/div>\n\t\t\t\t<\/div>\n\t\t<div class=\"elementor-element elementor-element-272c0e6 e-con-full fade-bloc e-flex e-con e-parent\" data-id=\"272c0e6\" data-element_type=\"container\" data-e-type=\"container\" data-settings=\"{&quot;background_background&quot;:&quot;classic&quot;}\">\n\t\t<div class=\"elementor-element elementor-element-487001a2 e-con-full fade-content e-flex e-con e-child\" data-id=\"487001a2\" data-element_type=\"container\" data-e-type=\"container\" data-settings=\"{&quot;background_background&quot;:&quot;classic&quot;}\">\n\t\t<div class=\"elementor-element elementor-element-4ff026d6 e-flex e-con-boxed e-con e-child\" data-id=\"4ff026d6\" data-element_type=\"container\" data-e-type=\"container\">\n\t\t\t\t\t<div class=\"e-con-inner\">\n\t\t\t\t<div class=\"elementor-element elementor-element-4f57c7a5 fade-title elementor-widget elementor-widget-heading\" data-id=\"4f57c7a5\" data-element_type=\"widget\" data-e-type=\"widget\" data-widget_type=\"heading.default\">\n\t\t\t\t<div class=\"elementor-widget-container\">\n\t\t\t\t\t<h2 class=\"elementor-heading-title elementor-size-default\">Close to H\u00f4tel Acadie : Ideal for your Family Stay<\/h2>\t\t\t\t<\/div>\n\t\t\t\t<\/div>\n\t\t\t\t<div class=\"elementor-element elementor-element-399600f7 fade-text elementor-widget elementor-widget-text-editor\" data-id=\"399600f7\" data-element_type=\"widget\" data-e-type=\"widget\" data-widget_type=\"text-editor.default\">\n\t\t\t\t<div class=\"elementor-widget-container\">\n\t\t\t\t\t\t\t\t\t<p>H\u00f4tel Acadie, ideally located in Tremblay-en-France, offers something attractive for families and thrill-seekers alike: its proximity to the region's major theme parks. Just a 20-minute drive from Parc Ast\u00e9rix, one of France's most popular theme parks, the establishment offers easy access to this world inspired by the famous comic strip by Uderzo and Goscinny. With 39 attractions and 6 water attractions, Parc Ast\u00e9rix promises an exciting day out for all ages.<\/p><p><br \/>Disneyland Paris, around 30 minutes away by car, is another popular destination for families, offering an immersion into the magical world of Walt Disney.<\/p><p><br \/>When staying at the H\u00f4tel Acadie, visitors enjoy a calm and comfortable setting after a day of adventure. The hotel offers modern rooms, a refined restaurant, as well as relaxation areas such as a lounge with a fireplace and a terrace. Its privileged location also provides quick access to the main roads, making it easy to get to these attractions.<\/p><p><br \/>Whether you're with family or friends, H\u00f4tel Acadie is an ideal base from which to discover the region's theme parks while enjoying quality accommodation.<\/p>\t\t\t\t\t\t\t\t<\/div>\n\t\t\t\t<\/div>\n\t\t\t\t\t<\/div>\n\t\t\t\t<\/div>\n\t\t\t\t<\/div>\n\t\t<div class=\"elementor-element elementor-element-69f08153 e-con-full e-flex e-con e-child\" data-id=\"69f08153\" data-element_type=\"container\" data-e-type=\"container\" data-settings=\"{&quot;background_background&quot;:&quot;classic&quot;}\">\n\t\t\t\t<\/div>\n\t\t\t\t<\/div>\n\t\t\t\t<\/div>","protected":false},"excerpt":{"rendered":"<p>Parcs d&rsquo;attractions Notre h\u00f4tel pr\u00e8s du Parc Ast\u00e9rix Destination pr\u00e9c\u00e9dente Destination suivante A proximit\u00e9 de l&rsquo;H\u00f4tel Acadie : Id\u00e9al pour vos S\u00e9jours en Famille L\u2019H\u00f4tel Acadie, id\u00e9alement situ\u00e9 \u00e0 Tremblay-en-France, propose une offre attrayante pour les familles et les amateurs de sensations fortes : sa proximit\u00e9 avec les parcs d\u2019attractions majeurs de la r\u00e9gion. \u00c0 [&hellip;]<\/p>","protected":false},"author":13,"featured_media":0,"parent":67,"menu_order":0,"comment_status":"closed","ping_status":"closed","template":"","meta":{"_acf_changed":false,"inline_featured_image":false,"footnotes":""},"class_list":["post-1422","page","type-page","status-publish","hentry"],"acf":[],"_links":{"self":[{"href":"https:\/\/www.hotelacadie.com\/en\/wp-json\/wp\/v2\/pages\/1422","targetHints":{"allow":["GET"]}}],"collection":[{"href":"https:\/\/www.hotelacadie.com\/en\/wp-json\/wp\/v2\/pages"}],"about":[{"href":"https:\/\/www.hotelacadie.com\/en\/wp-json\/wp\/v2\/types\/page"}],"author":[{"embeddable":true,"href":"https:\/\/www.hotelacadie.com\/en\/wp-json\/wp\/v2\/users\/13"}],"replies":[{"embeddable":true,"href":"https:\/\/www.hotelacadie.com\/en\/wp-json\/wp\/v2\/comments?post=1422"}],"version-history":[{"count":74,"href":"https:\/\/www.hotelacadie.com\/en\/wp-json\/wp\/v2\/pages\/1422\/revisions"}],"predecessor-version":[{"id":4201,"href":"https:\/\/www.hotelacadie.com\/en\/wp-json\/wp\/v2\/pages\/1422\/revisions\/4201"}],"up":[{"embeddable":true,"href":"https:\/\/www.hotelacadie.com\/en\/wp-json\/wp\/v2\/pages\/67"}],"wp:attachment":[{"href":"https:\/\/www.hotelacadie.com\/en\/wp-json\/wp\/v2\/media?parent=1422"}],"curies":[{"name":"wp","href":"https:\/\/api.w.org\/{rel}","templated":true}]}}